{"id":19,"date":"2020-02-13T10:32:24","date_gmt":"2020-02-13T16:32:24","guid":{"rendered":"https:\/\/www.robertcollins.com\/?page_id=19"},"modified":"2020-07-27T10:15:15","modified_gmt":"2020-07-27T16:15:15","slug":"dad","status":"publish","type":"page","link":"https:\/\/www.robertcollins.com\/es\/dad\/","title":{"rendered":"In Honor of My Dad"},"content":{"rendered":"<div id=\"fws_69fb4d343622b\"  data-column-margin=\"default\" data-midnight=\"dark\"  class=\"wpb_row vc_row-fluid vc_row\"  style=\"padding-top: 0px; padding-bottom: 0px; \"><div class=\"row-bg-wrap\" data-bg-animation=\"none\" data-bg-animation-delay=\"\" data-bg-overlay=\"false\"><div class=\"inner-wrap row-bg-layer\" ><div class=\"row-bg viewport-desktop\"  style=\"\"><\/div><\/div><\/div><div class=\"row_col_wrap_12 col span_12 dark left\">\n\t<div  class=\"vc_col-sm-12 wpb_column column_container vc_column_container col no-extra-padding inherit_tablet inherit_phone\"  data-padding-pos=\"all\" data-has-bg-color=\"false\" data-bg-color=\"\" data-bg-opacity=\"1\" data-animation=\"\" data-delay=\"0\" >\n\t\t<div class=\"vc_column-inner\" >\n\t\t\t<div class=\"wpb_wrapper\">\n\t\t\t\t\n<div class=\"wpb_text_column wpb_content_element\" >\n\t<p style=\"text-align: center;\"><strong>A punto de enviar al extranjero<\/strong><\/p>\n<p style=\"text-align: center;\">Compa\u00f1\u00eda D 1er Batall\u00f3n de Entrenamiento del Cuerpo de Se\u00f1ales<br \/>\nFort Monmouth N.J.<br \/>\n24 de mayo de 1941<\/p>\n<p style=\"text-align: center;\">Ernest W. Collins<\/p>\n<p style=\"text-align: center;\">D\u00e9cimo desde la derecha - segunda fila desde abajo<\/p>\n<p style=\"text-align: center;\">Honorablemente dado de baja como Sargento de Estado Mayor - Cuerpo A\u00e9reo del Ej\u00e9rcito de EE. UU. \/ EE. UU.  Ej\u00e9rcito<\/p>\n<p style=\"text-align: center;\">Veterano de WWll: condecorado por su valent\u00eda y valor en el combate en las selvas de Nueva Guinea<\/p>\n<p style=\"text-align: center;\"><strong>Si conoces a alguien en esta foto\u00a0<a href=\"mailto:firm@robertcollinslaw.com\">env\u00edame un correo<\/a><\/strong><\/p>\n<\/div>\n\n\n\n<div class=\"divider-wrap\" data-alignment=\"default\"><div style=\"height: 20px;\" class=\"divider\"><\/div><\/div><div class=\"img-with-aniamtion-wrap\" data-max-width=\"100%\" data-max-width-mobile=\"default\" data-shadow=\"none\" data-animation=\"fade-in\" >\n      <div class=\"inner\">\n        <div class=\"hover-wrap\" data-hover-animation=\"zoom\"> \n          <div class=\"hover-wrap-inner\">\n            <a href=\"https:\/\/www.robertcollins.com\/wp-content\/uploads\/army-large-2-scaled.jpg\" class=\"pp\">\n              <img loading=\"lazy\" decoding=\"async\" class=\"img-with-animation skip-lazy\" data-delay=\"0\" height=\"376\" width=\"2560\" data-animation=\"fade-in\" src=\"https:\/\/www.robertcollins.com\/wp-content\/uploads\/army-large-2-scaled.jpg\" alt=\"\" srcset=\"https:\/\/www.robertcollins.com\/wp-content\/uploads\/army-large-2-scaled.jpg 2560w, https:\/\/www.robertcollins.com\/wp-content\/uploads\/army-large-2-300x44.jpg 300w, https:\/\/www.robertcollins.com\/wp-content\/uploads\/army-large-2-1024x150.jpg 1024w, https:\/\/www.robertcollins.com\/wp-content\/uploads\/army-large-2-768x113.jpg 768w, https:\/\/www.robertcollins.com\/wp-content\/uploads\/army-large-2-1536x226.jpg 1536w, https:\/\/www.robertcollins.com\/wp-content\/uploads\/army-large-2-2048x301.jpg 2048w\" sizes=\"auto, (max-width: 2560px) 100vw, 2560px\" \/>\n            <\/a>\n          <\/div>\n        <\/div>\n         \n      <\/div>\n      <\/div>\n<div class=\"wpb_text_column wpb_content_element\" >\n\t<p style=\"text-align: center;\">(click to view entire photo)<\/p>\n<p style=\"text-align: center;\"><a href=\"mailto:firm@robertcollinslaw.com\">Email<\/a><\/p>\n<\/div>\n\n\n\n\n\t\t\t<\/div> \n\t\t<\/div>\n\t<\/div> \n<\/div><\/div>","protected":false},"excerpt":{"rendered":"About to Ship Overseas Company D 1st Signal Corps Training Battalion Fort Monmouth N.J. May 24, 1941 Ernest W. Collins 10th from the right - second row from the bottom...","protected":false},"author":1,"featured_media":0,"parent":0,"menu_order":0,"comment_status":"closed","ping_status":"closed","template":"","meta":{"footnotes":""},"class_list":["post-19","page","type-page","status-publish"],"_links":{"self":[{"href":"https:\/\/www.robertcollins.com\/es\/wp-json\/wp\/v2\/pages\/19","targetHints":{"allow":["GET"]}}],"collection":[{"href":"https:\/\/www.robertcollins.com\/es\/wp-json\/wp\/v2\/pages"}],"about":[{"href":"https:\/\/www.robertcollins.com\/es\/wp-json\/wp\/v2\/types\/page"}],"author":[{"embeddable":true,"href":"https:\/\/www.robertcollins.com\/es\/wp-json\/wp\/v2\/users\/1"}],"replies":[{"embeddable":true,"href":"https:\/\/www.robertcollins.com\/es\/wp-json\/wp\/v2\/comments?post=19"}],"version-history":[{"count":0,"href":"https:\/\/www.robertcollins.com\/es\/wp-json\/wp\/v2\/pages\/19\/revisions"}],"wp:attachment":[{"href":"https:\/\/www.robertcollins.com\/es\/wp-json\/wp\/v2\/media?parent=19"}],"curies":[{"name":"wp","href":"https:\/\/api.w.org\/{rel}","templated":true}]}}